{"id":1678,"date":"2014-02-04T18:15:29","date_gmt":"2014-02-04T17:15:29","guid":{"rendered":"http:\/\/segreterie.unica.it\/scienzepolitiche\/?page_id=1678"},"modified":"2024-07-22T07:57:08","modified_gmt":"2024-07-22T05:57:08","slug":"iscrizione-part-time","status":"publish","type":"page","link":"https:\/\/segreterie.unica.it\/cdseconomici\/iscrizione-part-time\/","title":{"rendered":"Iscrizione part time"},"content":{"rendered":"<p>Se\u00a0per motivi di lavoro, salute o familiari non sei\u00a0in grado di laurearti entro la durata normale del corso, puoi optare per l\u2019impegno didattico a tempo parziale. Hai\u00a0cos\u00ec la possibilit\u00e0 di conseguire il titolo in un tempo pi\u00f9 lungo, per un numero di anni pari al massimo al doppio della durata normale del corso: in 6 anni, se sei iscritto in\u00a0un CdL; in 4 anni, se iscritto in un Corso di laurea magistrale.<\/p>\n<p>&nbsp;<\/p>\n<p>I vantaggi derivanti dalla scelta del part time sono:<\/p>\n<p>&#8211;\u00a0\u00a0\u00a0\u00a0\u00a0\u00a0\u00a0\u00a0\u00a0 \u00a0<b>di tipo economico<\/b> (riduzione del 10% sulla tassa base, purch\u00e8 non sia in possesso di altro titolo di pari livello o superiore; esenzione dal pagamento degli incrementi per fuori corso, se consegui il titolo entro i tempi previsti; esenzione dal pagamento degli incrementi in funzione dei crediti universitari conseguiti)<\/p>\n<p>&#8211;\u00a0\u00a0\u00a0\u00a0\u00a0\u00a0\u00a0\u00a0\u00a0 <b>\u00a0didattici<\/b> (se\u00a0consegui il titolo entro il\u00a0 doppio\u00a0 della durata normale del corso verrai considerato didatticamente in corso e quindi potrai beneficiare di una valutazione positiva della Commissione di laurea in sede di attribuzione del punteggio di laurea).<\/p>\n<p>&nbsp;<\/p>\n<p>Per potertene avvalere \u00e8 necessario che:<\/p>\n<p>1)\u00a0\u00a0\u00a0\u00a0\u00a0\u00a0 \u00a0<span style=\"text-decoration: underline\">durante ogni anno accademico garantisca un numero di cfu compreso tra 15 e 30<\/span>.<\/p>\n<p>Se acquisisci\u00a0\u00a0meno di 15 cfu all\u2019anno, sarai tenuto a versare la riduzione del 10% ottenuta e gli eventuali incrementi per iscrizione fuori corso, se dovuti.<\/p>\n<p><a href=\"http:\/\/segreterie.unica.it\/cdseconomici\/files\/2009\/05\/new.jpg\"><img decoding=\"async\" class=\"alignnone wp-image-2378\" src=\"http:\/\/segreterie.unica.it\/cdseconomici\/files\/2009\/05\/new.jpg\" alt=\"new\" width=\"28\" height=\"28\" srcset=\"https:\/\/segreterie.unica.it\/cdseconomici\/files\/2009\/05\/new.jpg 102w, https:\/\/segreterie.unica.it\/cdseconomici\/files\/2009\/05\/new-96x96.jpg 96w, https:\/\/segreterie.unica.it\/cdseconomici\/files\/2009\/05\/new-24x24.jpg 24w, https:\/\/segreterie.unica.it\/cdseconomici\/files\/2009\/05\/new-36x36.jpg 36w, https:\/\/segreterie.unica.it\/cdseconomici\/files\/2009\/05\/new-48x48.jpg 48w, https:\/\/segreterie.unica.it\/cdseconomici\/files\/2009\/05\/new-64x64.jpg 64w\" sizes=\"(max-width: 28px) 100vw, 28px\" \/><\/a>Se acquisisci pi\u00f9 di 30 cfu sarai iscritto d&#8217;ufficio a tempo pieno, salvo che non sia all&#8217;ultimo anno del part time (es. 6\u00b0 anno per le triennali, 4\u00b0 anno per le lagistrali), senza perdere le agevolazioni previste dal regolamento tasse per il tempo parziale.<\/p>\n<p>&nbsp;<\/p>\n<p>2)\u00a0\u00a0\u00a0\u00a0\u00a0\u00a0 <span style=\"text-decoration: underline\">consegua il titolo entro il doppio della durata normale del corso<\/span><\/p>\n<p>&nbsp;<\/p>\n<p>Puoi scegliere\u00a0il part time nel rispetto delle scadenze annualmente indicate nel Manifesto generale degli studi:<\/p>\n<p>&#8211;\u00a0\u00a0\u00a0\u00a0\u00a0\u00a0\u00a0\u00a0\u00a0 al momento dell\u2019immatricolazione online, specificando il motivo dell\u2019opzione<\/p>\n<p>&#8211;\u00a0\u00a0\u00a0\u00a0\u00a0\u00a0\u00a0\u00a0\u00a0 in anni successivi al primo, purch\u00e8 entro la durata normale del corso di studi. Quindi se sei iscritto a tempo pieno e sei ancora in corso, entro le scadenze previste annualmente da Manifesto, da met\u00e0 agosto al 30 settembre, puoi chiedere di optare per il part time inviando una mail a <a href=\"mailto:segrstudsegp@unica.it\"><strong>segrstudsegp@unica.it<\/strong><\/a> , Oggetto: <em>OPZIONE IMPEGNO DIDATTICO A TEMPO PARZIALE, <\/em>indicando la tua matricola, i tuoi dati anagrafici e chiedendo di optare dal regime didattico a tempo pieno a quello parziale specificando la causale della richiesta.<\/p>\n<p>&nbsp;<\/p>\n<p><strong>Il regime di impegno didattico per il singolo anno accademico di iscrizione potr\u00e0 essere modificato entro la data del 4 ottobre 2024<\/strong><\/p>\n<p>&nbsp;<\/p>\n<p>&nbsp;<\/p>\n","protected":false},"excerpt":{"rendered":"<p>Se\u00a0per motivi di lavoro, salute o familiari non sei\u00a0in grado di laurearti entro la durata normale del corso, puoi optare per l\u2019impegno didattico a tempo parziale. Hai\u00a0cos\u00ec la possibilit\u00e0 di conseguire il titolo in un tempo pi\u00f9 lungo, per un numero di anni pari al massimo al doppio della durata normale del corso: in 6 anni, se sei iscritto in\u00a0un CdL; in 4 anni, se iscritto in un Corso di laurea magistrale. &nbsp; I vantaggi derivanti dalla scelta del part time sono: &#8211;\u00a0\u00a0\u00a0\u00a0\u00a0\u00a0\u00a0\u00a0\u00a0 \u00a0di tipo economico (riduzione del 10% sulla tassa base, purch\u00e8 non sia in possesso di altro titolo <a href='https:\/\/segreterie.unica.it\/cdseconomici\/iscrizione-part-time\/' class='excerpt-more'>[&#8230;]<\/a><\/p>\n","protected":false},"author":2426,"featured_media":0,"parent":0,"menu_order":0,"comment_status":"closed","ping_status":"closed","template":"","meta":{"footnotes":""},"class_list":["post-1678","page","type-page","status-publish","hentry","post-seq-1","post-parity-odd","meta-position-corners","fix"],"_links":{"self":[{"href":"https:\/\/segreterie.unica.it\/cdseconomici\/wp-json\/wp\/v2\/pages\/1678","targetHints":{"allow":["GET"]}}],"collection":[{"href":"https:\/\/segreterie.unica.it\/cdseconomici\/wp-json\/wp\/v2\/pages"}],"about":[{"href":"https:\/\/segreterie.unica.it\/cdseconomici\/wp-json\/wp\/v2\/types\/page"}],"author":[{"embeddable":true,"href":"https:\/\/segreterie.unica.it\/cdseconomici\/wp-json\/wp\/v2\/users\/2426"}],"replies":[{"embeddable":true,"href":"https:\/\/segreterie.unica.it\/cdseconomici\/wp-json\/wp\/v2\/comments?post=1678"}],"version-history":[{"count":4,"href":"https:\/\/segreterie.unica.it\/cdseconomici\/wp-json\/wp\/v2\/pages\/1678\/revisions"}],"predecessor-version":[{"id":4945,"href":"https:\/\/segreterie.unica.it\/cdseconomici\/wp-json\/wp\/v2\/pages\/1678\/revisions\/4945"}],"wp:attachment":[{"href":"https:\/\/segreterie.unica.it\/cdseconomici\/wp-json\/wp\/v2\/media?parent=1678"}],"curies":[{"name":"wp","href":"https:\/\/api.w.org\/{rel}","templated":true}]}}