{"id":1206,"date":"2013-12-04T14:55:18","date_gmt":"2013-12-04T13:55:18","guid":{"rendered":"http:\/\/segreterie.unica.it\/scienzepolitiche\/?page_id=1206"},"modified":"2025-07-29T12:19:54","modified_gmt":"2025-07-29T10:19:54","slug":"interruzione-sospensione-e-rinuncia-agli-studi","status":"publish","type":"page","link":"https:\/\/segreterie.unica.it\/cdseconomici\/interruzione-sospensione-e-rinuncia-agli-studi\/","title":{"rendered":"Interruzione e sospensione della carriera"},"content":{"rendered":"<p><b>Interruzione (art. 23 RCAS, artt. 26-28 Regolamento tasse 2016\/2017)<\/b>: puoi interrompere la carriera temporaneamente, per uno o pi\u00f9 anni accademici.<\/p>\n<p>La puoi interrompere per:<\/p>\n<p>&#8211;\u00a0\u00a0\u00a0\u00a0\u00a0\u00a0\u00a0\u00a0\u00a0 mancato rinnovo dell\u2019iscrizione<\/p>\n<p>&#8211;\u00a0\u00a0\u00a0\u00a0\u00a0\u00a0\u00a0\u00a0\u00a0 motivi di salute (gravi e prolungate infermit\u00e0)<\/p>\n<p>&#8211;\u00a0\u00a0\u00a0\u00a0\u00a0\u00a0\u00a0\u00a0\u00a0 situazioni familiari o personali di eccezionale gravit\u00e0<\/p>\n<p>&#8211;\u00a0\u00a0\u00a0\u00a0\u00a0\u00a0\u00a0\u00a0\u00a0 nascita\/adozione di un figlio<\/p>\n<p>&#8211;\u00a0\u00a0\u00a0\u00a0\u00a0\u00a0\u00a0\u00a0\u00a0 servizio civile<\/p>\n<p>Se la interrompi per motivi diversi da quelli di salute,\u00a0nascita\/adozione figlio, servizio civile \u00a0l\u2019interruzione non pu\u00f2 essere inferiore a 2 anni accademici.<\/p>\n<p><span style=\"text-decoration: underline\">Termini e modalit\u00e0<\/span>: Per interrompere gli studi non \u00e8 necessario che presenti alcuna istanza in Segreteria studenti. L\u2019interruzione \u00e8 diretta conseguenza del mancato rinnovo dell\u2019iscrizione ( mancato pagamento della prima rata delle tasse). Di conseguenza,\u00a0non potrai interrompere gli studi\u00a0in corso d\u2019anno se hai gi\u00e0 pagato la prima rata delle tasse.<b><\/b><\/p>\n<p>Durante il periodo di interruzione non puoi compiere atti accademici.<\/p>\n<p>Cessata la causa di interruzione, se intendi riprendere gli studi dovrai presentare in Segreteria studenti domanda di <strong><a href=\"http:\/\/segreterie.unica.it\/cdseconomici\/files\/2021\/07\/RICOGNIZIONE.doc\">RICOGNIZIONE<\/a>\u00a0<\/strong>e versare, per ogni anno di interruzione, la specifica tassa di\u00a0ricognizione nella misura stabilita dal Regolamento tasse. La quantificazione delle tasse relative al periodo di interruzione e all\u2019anno di ripresa della carriera sono disciplinate dal regolamento tasse e contributi.<\/p>\n<p>La tassa di Ricognizione non \u00e8 dovuta se la causa di interruzione \u00e8 dovuta a nascita\/adozione figlio, servizio civile, motivi di salute (gravi e prolungate infermit\u00e0)<\/p>\n<p>__________________________________________________________________________________<\/p>\n<p><b>Sospensione (art. 22 RCAS)<\/b>: puoi sospendere temporaneamente la carriera, per uno o pi\u00f9 anni accademici.<\/p>\n<p>La puoi sospendere per:<\/p>\n<p>&#8211;\u00a0\u00a0\u00a0\u00a0\u00a0\u00a0\u00a0\u00a0\u00a0 Frequentare un Master, un corso di perfezionamento, una scuola di specializzazione, un dottorato di ricerca o corsi di laurea in Accademie Militari;<\/p>\n<p>&#8211;\u00a0\u00a0\u00a0\u00a0\u00a0\u00a0\u00a0\u00a0\u00a0 Iscriverti ad un corso di studi presso Universit\u00e0 estera, al di fuori di un programma europeo per uno o pi\u00f9 anni accademici<\/p>\n<p>&#8211;\u00a0\u00a0\u00a0\u00a0\u00a0\u00a0\u00a0\u00a0\u00a0 Acquisire crediti presso \u00a0Universit\u00e0 estera per periodi anche inferiori ad un anno accademico<\/p>\n<p><span style=\"text-decoration: underline\">Termini e modalit\u00e0<\/span>: Di regola devi presentare in Segreteria studenti\u00a0<a href=\"http:\/\/segreterie.unica.it\/cdseconomici\/files\/2013\/12\/13-14_ISTANZE_VARIE_Iscriz._Fuori_Termine_Ricognizione_Etc.pdf\"><strong>istanza di Sospensione<\/strong><\/a>\u00a0prima del rinnovo dell\u2019iscrizione all\u2019anno accademico successivo. Se causa della sospensione \u00e8 la frequenza di Master, corso di perfezionamento, scuola di specializzazione, dottorato di ricerca o corsi di laurea in Accademie Militari, puoi chiedere la sospensione anche in corso d\u2019anno.<\/p>\n<p><span style=\"text-decoration: underline\">Come presentare domanda di sospensione<\/span>: compila l&#8217; \u00a0<a href=\"http:\/\/segreterie.unica.it\/scienzepolitiche\/files\/2013\/12\/13-14_ISTANZE_VARIE_Iscriz._Fuori_Termine_Ricognizione_Etc.pdf\"><strong>istanza di Sospensione<\/strong><\/a> ed inseriscila all\u2019interno dell\u2019area riservata dei servizi online agli studenti cliccando su SEGRETERIA &gt; ALLEGATI CARRIERA. Nomina il file &#8220;Istanza di sospensione carriera&#8221; e danne comunicazione alla segreteria studenti scrivendo a segrstudsegp@unica.it<\/p>\n<p>In ogni caso durante il periodo di sospensione non puoi compiere atti accademici.<\/p>\n<p>Cessata la causa di sospensione, se intendi riprendere gli studi dovrai darne tempestiva comunicazione alla Segreteria studenti. Se la sospensione \u00e8 intervenuta in corso d\u2019anno, la Segreteria \u00a0studenti riattiver\u00e0 la carriera ed emetter\u00e0 \u00a0l\u2019 eventuale saldo delle tasse universitarie relative all&#8217;ultimo anno accademico in cui hai preso iscrizione. Se la sospensione \u00e8 durata pi\u00f9 di un anno accademico, dovrai presentare in Segreteria studenti domanda di <strong><a href=\"http:\/\/segreterie.unica.it\/cdseconomici\/files\/2021\/07\/RICOGNIZIONE.doc\">RICOGNIZIONE<\/a><\/strong> per l\u2019a.a di sospensione. La quantificazione delle tasse relative al periodo di sospensione e all\u2019anno di ripresa della carriera sono disciplinate dal regolamento tasse e contributi.<\/p>\n<p>__________________________________________________________________________________<\/p>\n<p>&nbsp;<\/p>\n<p>&nbsp;<\/p>\n<p>&nbsp;<\/p>\n","protected":false},"excerpt":{"rendered":"<p>Interruzione (art. 23 RCAS, artt. 26-28 Regolamento tasse 2016\/2017): puoi interrompere la carriera temporaneamente, per uno o pi\u00f9 anni accademici. La puoi interrompere per: &#8211;\u00a0\u00a0\u00a0\u00a0\u00a0\u00a0\u00a0\u00a0\u00a0 mancato rinnovo dell\u2019iscrizione &#8211;\u00a0\u00a0\u00a0\u00a0\u00a0\u00a0\u00a0\u00a0\u00a0 motivi di salute (gravi e prolungate infermit\u00e0) &#8211;\u00a0\u00a0\u00a0\u00a0\u00a0\u00a0\u00a0\u00a0\u00a0 situazioni familiari o personali di eccezionale gravit\u00e0 &#8211;\u00a0\u00a0\u00a0\u00a0\u00a0\u00a0\u00a0\u00a0\u00a0 nascita\/adozione di un figlio &#8211;\u00a0\u00a0\u00a0\u00a0\u00a0\u00a0\u00a0\u00a0\u00a0 servizio civile Se la interrompi per motivi diversi da quelli di salute,\u00a0nascita\/adozione figlio, servizio civile \u00a0l\u2019interruzione non pu\u00f2 essere inferiore a 2 anni accademici. Termini e modalit\u00e0: Per interrompere gli studi non \u00e8 necessario che presenti alcuna istanza in Segreteria studenti. L\u2019interruzione \u00e8 diretta conseguenza del mancato rinnovo dell\u2019iscrizione ( <a href='https:\/\/segreterie.unica.it\/cdseconomici\/interruzione-sospensione-e-rinuncia-agli-studi\/' class='excerpt-more'>[&#8230;]<\/a><\/p>\n","protected":false},"author":2426,"featured_media":0,"parent":0,"menu_order":0,"comment_status":"closed","ping_status":"closed","template":"","meta":{"footnotes":""},"class_list":["post-1206","page","type-page","status-publish","hentry","post-seq-1","post-parity-odd","meta-position-corners","fix"],"_links":{"self":[{"href":"https:\/\/segreterie.unica.it\/cdseconomici\/wp-json\/wp\/v2\/pages\/1206","targetHints":{"allow":["GET"]}}],"collection":[{"href":"https:\/\/segreterie.unica.it\/cdseconomici\/wp-json\/wp\/v2\/pages"}],"about":[{"href":"https:\/\/segreterie.unica.it\/cdseconomici\/wp-json\/wp\/v2\/types\/page"}],"author":[{"embeddable":true,"href":"https:\/\/segreterie.unica.it\/cdseconomici\/wp-json\/wp\/v2\/users\/2426"}],"replies":[{"embeddable":true,"href":"https:\/\/segreterie.unica.it\/cdseconomici\/wp-json\/wp\/v2\/comments?post=1206"}],"version-history":[{"count":6,"href":"https:\/\/segreterie.unica.it\/cdseconomici\/wp-json\/wp\/v2\/pages\/1206\/revisions"}],"predecessor-version":[{"id":5399,"href":"https:\/\/segreterie.unica.it\/cdseconomici\/wp-json\/wp\/v2\/pages\/1206\/revisions\/5399"}],"wp:attachment":[{"href":"https:\/\/segreterie.unica.it\/cdseconomici\/wp-json\/wp\/v2\/media?parent=1206"}],"curies":[{"name":"wp","href":"https:\/\/api.w.org\/{rel}","templated":true}]}}